{"id":81,"date":"2024-08-05T08:48:10","date_gmt":"2024-08-05T08:48:10","guid":{"rendered":"https:\/\/dev.mengisoft.com\/semilla\/?page_id=81"},"modified":"2026-04-16T13:48:40","modified_gmt":"2026-04-16T11:48:40","slug":"contacto","status":"publish","type":"page","link":"https:\/\/dev.mengisoft.com\/codethor\/contacto\/","title":{"rendered":"Contacto"},"content":{"rendered":"\t\t<div data-elementor-type=\"wp-page\" data-elementor-id=\"81\" class=\"elementor elementor-81\" data-elementor-post-type=\"page\">\n\t\t\t\t<div class=\"elementor-element elementor-element-693abfd e-con-full e-flex e-con e-parent\" data-id=\"693abfd\" data-element_type=\"container\" data-e-type=\"container\">\n\t\t\t\t<div class=\"elementor-element elementor-element-cd9c926 elementor-invisible elementor-widget elementor-widget-image\" data-id=\"cd9c926\" data-element_type=\"widget\" data-e-type=\"widget\" data-settings=\"{&quot;_animation&quot;:&quot;slideInUp&quot;}\" data-widget_type=\"image.default\">\n\t\t\t\t<div class=\"elementor-widget-container\">\n\t\t\t\t\t\t\t\t\t\t\t\t\t\t\t<img decoding=\"async\" width=\"2000\" height=\"857\" src=\"https:\/\/dev.mengisoft.com\/codethor\/wp-content\/uploads\/2026\/04\/13758.jpg\" class=\"attachment-full size-full wp-image-4192\" alt=\"\" srcset=\"https:\/\/dev.mengisoft.com\/codethor\/wp-content\/uploads\/2026\/04\/13758.jpg 2000w, https:\/\/dev.mengisoft.com\/codethor\/wp-content\/uploads\/2026\/04\/13758-300x129.jpg 300w, https:\/\/dev.mengisoft.com\/codethor\/wp-content\/uploads\/2026\/04\/13758-1024x439.jpg 1024w, https:\/\/dev.mengisoft.com\/codethor\/wp-content\/uploads\/2026\/04\/13758-768x329.jpg 768w, https:\/\/dev.mengisoft.com\/codethor\/wp-content\/uploads\/2026\/04\/13758-1536x658.jpg 1536w\" sizes=\"(max-width: 2000px) 100vw, 2000px\" \/>\t\t\t\t\t\t\t\t\t\t\t\t\t\t\t<\/div>\n\t\t\t\t<\/div>\n\t\t\t\t<\/div>\n\t\t<div class=\"elementor-element elementor-element-afc8ee2 e-flex e-con-boxed e-con e-parent\" data-id=\"afc8ee2\" data-element_type=\"container\" data-e-type=\"container\">\n\t\t\t\t\t<div class=\"e-con-inner\">\n\t\t\t\t<div class=\"elementor-element elementor-element-1349ffb animated-slow elementor-widget-tablet__width-inherit elementor-invisible elementor-widget elementor-widget-heading\" data-id=\"1349ffb\" data-element_type=\"widget\" data-e-type=\"widget\" data-settings=\"{&quot;_animation&quot;:&quot;fadeIn&quot;}\" data-widget_type=\"heading.default\">\n\t\t\t\t<div class=\"elementor-widget-container\">\n\t\t\t\t\t<h1 class=\"elementor-heading-title elementor-size-default\">Contacto<\/h1>\t\t\t\t<\/div>\n\t\t\t\t<\/div>\n\t\t\t\t\t<\/div>\n\t\t\t\t<\/div>\n\t\t<div class=\"elementor-element elementor-element-fd7d2a3 e-flex e-con-boxed e-con e-parent\" data-id=\"fd7d2a3\" data-element_type=\"container\" data-e-type=\"container\">\n\t\t\t\t\t<div class=\"e-con-inner\">\n\t\t<div class=\"elementor-element elementor-element-bb8e276 e-con-full e-flex e-con e-child\" data-id=\"bb8e276\" data-element_type=\"container\" data-e-type=\"container\">\n\t\t<div class=\"elementor-element elementor-element-9a5a178 e-con-full e-flex e-con e-child\" data-id=\"9a5a178\" data-element_type=\"container\" data-e-type=\"container\">\n\t\t\t\t<div class=\"elementor-element elementor-element-cd1fe98 elementor-widget-mobile__width-inherit elementor-widget elementor-widget-heading\" data-id=\"cd1fe98\" data-element_type=\"widget\" data-e-type=\"widget\" data-widget_type=\"heading.default\">\n\t\t\t\t<div class=\"elementor-widget-container\">\n\t\t\t\t\t<h2 class=\"elementor-heading-title elementor-size-default\">D\u00f3nde estamos<\/h2>\t\t\t\t<\/div>\n\t\t\t\t<\/div>\n\t\t\t\t<div class=\"elementor-element elementor-element-a150f42 elementor-widget-mobile__width-inherit elementor-widget elementor-widget-heading\" data-id=\"a150f42\" data-element_type=\"widget\" data-e-type=\"widget\" data-widget_type=\"heading.default\">\n\t\t\t\t<div class=\"elementor-widget-container\">\n\t\t\t\t\t<h2 class=\"elementor-heading-title elementor-size-default\">Puedes localizarnos aqu\u00ed<\/h2>\t\t\t\t<\/div>\n\t\t\t\t<\/div>\n\t\t<div class=\"elementor-element elementor-element-36fc20a e-grid e-con-full e-con e-child\" data-id=\"36fc20a\" data-element_type=\"container\" data-e-type=\"container\">\n\t\t<div class=\"elementor-element elementor-element-e6f2982 e-con-full e-flex e-con e-child\" data-id=\"e6f2982\" data-element_type=\"container\" data-e-type=\"container\">\n\t\t\t\t<div class=\"elementor-element elementor-element-e47cd7a elementor-absolute elementor-view-default elementor-widget elementor-widget-icon\" data-id=\"e47cd7a\" data-element_type=\"widget\" data-e-type=\"widget\" data-settings=\"{&quot;_position&quot;:&quot;absolute&quot;}\" data-widget_type=\"icon.default\">\n\t\t\t\t<div class=\"elementor-widget-container\">\n\t\t\t\t\t\t\t<div class=\"elementor-icon-wrapper\">\n\t\t\t<a class=\"elementor-icon\" href=\"tel:+34620680512\">\n\t\t\t<i aria-hidden=\"true\" class=\"fas fa-phone-alt\"><\/i>\t\t\t<\/a>\n\t\t<\/div>\n\t\t\t\t\t\t<\/div>\n\t\t\t\t<\/div>\n\t\t\t\t<div class=\"elementor-element elementor-element-484c449 elementor-widget elementor-widget-heading\" data-id=\"484c449\" data-element_type=\"widget\" data-e-type=\"widget\" data-widget_type=\"heading.default\">\n\t\t\t\t<div class=\"elementor-widget-container\">\n\t\t\t\t\t<h2 class=\"elementor-heading-title elementor-size-default\">Tel\u00e9fono<\/h2>\t\t\t\t<\/div>\n\t\t\t\t<\/div>\n\t\t\t\t<div class=\"elementor-element elementor-element-0d6ddb4 elementor-widget elementor-widget-text-editor\" data-id=\"0d6ddb4\" data-element_type=\"widget\" data-e-type=\"widget\" data-widget_type=\"text-editor.default\">\n\t\t\t\t<div class=\"elementor-widget-container\">\n\t\t\t\t\t\t\t\t\t620680512\t\t\t\t\t\t\t\t<\/div>\n\t\t\t\t<\/div>\n\t\t\t\t<\/div>\n\t\t<div class=\"elementor-element elementor-element-cbb5c31 e-con-full e-flex e-con e-child\" data-id=\"cbb5c31\" data-element_type=\"container\" data-e-type=\"container\">\n\t\t\t\t<div class=\"elementor-element elementor-element-4a50631 elementor-absolute elementor-view-default elementor-widget elementor-widget-icon\" data-id=\"4a50631\" data-element_type=\"widget\" data-e-type=\"widget\" data-settings=\"{&quot;_position&quot;:&quot;absolute&quot;}\" data-widget_type=\"icon.default\">\n\t\t\t\t<div class=\"elementor-widget-container\">\n\t\t\t\t\t\t\t<div class=\"elementor-icon-wrapper\">\n\t\t\t<a class=\"elementor-icon\" href=\"mailto:codethor.solutions@gmail.com\">\n\t\t\t<i aria-hidden=\"true\" class=\"phl phlight-envelope\"><\/i>\t\t\t<\/a>\n\t\t<\/div>\n\t\t\t\t\t\t<\/div>\n\t\t\t\t<\/div>\n\t\t\t\t<div class=\"elementor-element elementor-element-692ef3d elementor-widget elementor-widget-heading\" data-id=\"692ef3d\" data-element_type=\"widget\" data-e-type=\"widget\" data-widget_type=\"heading.default\">\n\t\t\t\t<div class=\"elementor-widget-container\">\n\t\t\t\t\t<h2 class=\"elementor-heading-title elementor-size-default\">Email<\/h2>\t\t\t\t<\/div>\n\t\t\t\t<\/div>\n\t\t\t\t<div class=\"elementor-element elementor-element-8fce8f5 elementor-widget elementor-widget-text-editor\" data-id=\"8fce8f5\" data-element_type=\"widget\" data-e-type=\"widget\" data-widget_type=\"text-editor.default\">\n\t\t\t\t<div class=\"elementor-widget-container\">\n\t\t\t\t\t\t\t\t\tcodethor.solutions@gmail.com\t\t\t\t\t\t\t\t<\/div>\n\t\t\t\t<\/div>\n\t\t\t\t<\/div>\n\t\t<div class=\"elementor-element elementor-element-1e2a75f e-con-full e-flex e-con e-child\" data-id=\"1e2a75f\" data-element_type=\"container\" data-e-type=\"container\">\n\t\t\t\t<div class=\"elementor-element elementor-element-4bb8dfb elementor-absolute elementor-view-default elementor-widget elementor-widget-icon\" data-id=\"4bb8dfb\" data-element_type=\"widget\" data-e-type=\"widget\" data-settings=\"{&quot;_position&quot;:&quot;absolute&quot;}\" data-widget_type=\"icon.default\">\n\t\t\t\t<div class=\"elementor-widget-container\">\n\t\t\t\t\t\t\t<div class=\"elementor-icon-wrapper\">\n\t\t\t<a class=\"elementor-icon\" href=\"https:\/\/wa.me\/+34677514192\" target=\"_blank\">\n\t\t\t<i aria-hidden=\"true\" class=\"fab fa-x-twitter\"><\/i>\t\t\t<\/a>\n\t\t<\/div>\n\t\t\t\t\t\t<\/div>\n\t\t\t\t<\/div>\n\t\t\t\t<div class=\"elementor-element elementor-element-d0566b0 elementor-widget elementor-widget-heading\" data-id=\"d0566b0\" data-element_type=\"widget\" data-e-type=\"widget\" data-widget_type=\"heading.default\">\n\t\t\t\t<div class=\"elementor-widget-container\">\n\t\t\t\t\t<h2 class=\"elementor-heading-title elementor-size-default\">Whatsapp<\/h2>\t\t\t\t<\/div>\n\t\t\t\t<\/div>\n\t\t\t\t<div class=\"elementor-element elementor-element-20356d7 elementor-widget elementor-widget-text-editor\" data-id=\"20356d7\" data-element_type=\"widget\" data-e-type=\"widget\" data-widget_type=\"text-editor.default\">\n\t\t\t\t<div class=\"elementor-widget-container\">\n\t\t\t\t\t\t\t\t\t677514192\t\t\t\t\t\t\t\t<\/div>\n\t\t\t\t<\/div>\n\t\t\t\t<\/div>\n\t\t\t\t<\/div>\n\t\t\t\t<\/div>\n\t\t<div class=\"elementor-element elementor-element-f9602ca e-con-full e-flex e-con e-child\" data-id=\"f9602ca\" data-element_type=\"container\" data-e-type=\"container\">\n\t\t\t\t<div class=\"elementor-element elementor-element-b70cc72 elementor-widget-mobile__width-inherit elementor-widget elementor-widget-heading\" data-id=\"b70cc72\" data-element_type=\"widget\" data-e-type=\"widget\" data-widget_type=\"heading.default\">\n\t\t\t\t<div class=\"elementor-widget-container\">\n\t\t\t\t\t<h2 class=\"elementor-heading-title elementor-size-default\">Escr\u00edbenos un mensaje<\/h2>\t\t\t\t<\/div>\n\t\t\t\t<\/div>\n\t\t\t\t<div class=\"elementor-element elementor-element-a933795 elementor-widget elementor-widget-heading\" data-id=\"a933795\" data-element_type=\"widget\" data-e-type=\"widget\" data-widget_type=\"heading.default\">\n\t\t\t\t<div class=\"elementor-widget-container\">\n\t\t\t\t\t<h2 class=\"elementor-heading-title elementor-size-default\">\u00bfTienes alguna pregunta?<\/h2>\t\t\t\t<\/div>\n\t\t\t\t<\/div>\n\t\t\t\t<div class=\"elementor-element elementor-element-f1516dd elementor-button-align-start elementor-widget elementor-widget-form\" data-id=\"f1516dd\" data-element_type=\"widget\" data-e-type=\"widget\" data-settings=\"{&quot;step_next_label&quot;:&quot;Siguiente&quot;,&quot;step_previous_label&quot;:&quot;Anterior&quot;,&quot;button_width&quot;:&quot;100&quot;,&quot;step_type&quot;:&quot;number_text&quot;,&quot;step_icon_shape&quot;:&quot;circle&quot;}\" data-widget_type=\"form.default\">\n\t\t\t\t<div class=\"elementor-widget-container\">\n\t\t\t\t\t\t\t<form class=\"elementor-form\" method=\"post\" name=\"Nuevo formulario\" aria-label=\"Nuevo formulario\">\n\t\t\t<input type=\"hidden\" name=\"post_id\" value=\"81\"\/>\n\t\t\t<input type=\"hidden\" name=\"form_id\" value=\"f1516dd\"\/>\n\t\t\t<input type=\"hidden\" name=\"referer_title\" value=\"Codethor\" \/>\n\n\t\t\t\n\t\t\t<div class=\"elementor-form-fields-wrapper elementor-labels-\">\n\t\t\t\t\t\t\t\t<div class=\"elementor-field-type-text elementor-field-group elementor-column elementor-field-group-name elementor-col-100 elementor-field-required\">\n\t\t\t\t\t\t\t\t\t\t\t\t<label for=\"form-field-name\" class=\"elementor-field-label elementor-screen-only\">\n\t\t\t\t\t\t\t\tNombre\t\t\t\t\t\t\t<\/label>\n\t\t\t\t\t\t\t\t\t\t\t\t\t\t<input size=\"1\" type=\"text\" name=\"form_fields[name]\" id=\"form-field-name\" class=\"elementor-field elementor-size-sm  elementor-field-textual\" placeholder=\"Introduce tu nombre completo\" required=\"required\">\n\t\t\t\t\t\t\t\t\t\t\t<\/div>\n\t\t\t\t\t\t\t\t<div class=\"elementor-field-type-email elementor-field-group elementor-column elementor-field-group-email elementor-col-100 elementor-field-required\">\n\t\t\t\t\t\t\t\t\t\t\t\t<label for=\"form-field-email\" class=\"elementor-field-label elementor-screen-only\">\n\t\t\t\t\t\t\t\tCorreo electr\u00f3nico\t\t\t\t\t\t\t<\/label>\n\t\t\t\t\t\t\t\t\t\t\t\t\t\t<input size=\"1\" type=\"email\" name=\"form_fields[email]\" id=\"form-field-email\" class=\"elementor-field elementor-size-sm  elementor-field-textual\" placeholder=\"Escribe aqu\u00ed tu email\" required=\"required\">\n\t\t\t\t\t\t\t\t\t\t\t<\/div>\n\t\t\t\t\t\t\t\t<div class=\"elementor-field-type-textarea elementor-field-group elementor-column elementor-field-group-message elementor-col-100 elementor-field-required\">\n\t\t\t\t\t\t\t\t\t\t\t\t<label for=\"form-field-message\" class=\"elementor-field-label elementor-screen-only\">\n\t\t\t\t\t\t\t\tMensaje\t\t\t\t\t\t\t<\/label>\n\t\t\t\t\t\t<textarea class=\"elementor-field-textual elementor-field  elementor-size-sm\" name=\"form_fields[message]\" id=\"form-field-message\" rows=\"4\" placeholder=\"\u00bfTienes alguna pregunta?\" required=\"required\"><\/textarea>\t\t\t\t<\/div>\n\t\t\t\t\t\t\t\t<div class=\"elementor-field-type-recaptcha_v3 elementor-field-group elementor-column elementor-field-group-field_d62e9ab elementor-col-100 recaptcha_v3-bottomright\">\n\t\t\t\t\t<div class=\"elementor-field\" id=\"form-field-field_d62e9ab\"><\/div>\t\t\t\t<\/div>\n\t\t\t\t\t\t\t\t<div class=\"elementor-field-type-acceptance elementor-field-group elementor-column elementor-field-group-field_240d80a elementor-col-100 elementor-field-required\">\n\t\t\t\t\t\t\t<div class=\"elementor-field-subgroup\">\n\t\t\t<span class=\"elementor-field-option\">\n\t\t\t\t<input type=\"checkbox\" name=\"form_fields[field_240d80a]\" id=\"form-field-field_240d80a\" class=\"elementor-field elementor-size-sm  elementor-acceptance-field\" required=\"required\">\n\t\t\t\t<label for=\"form-field-field_240d80a\">He le\u00eddo, comprendo y acepto la \n<a href=\"https:\/\/dev.mengisoft.com\/codethor\/\/politica-privacidad\">\n   <span style=\"color:#1a1a1a\">Pol\u00edtica de Privacidad<\/span>\n<\/a><\/label>\t\t\t<\/span>\n\t\t<\/div>\n\t\t\t\t\t\t<\/div>\n\t\t\t\t\t\t\t\t<div class=\"elementor-field-group elementor-column elementor-field-type-submit elementor-col-100 e-form__buttons\">\n\t\t\t\t\t<button class=\"elementor-button elementor-size-sm\" type=\"submit\">\n\t\t\t\t\t\t<span class=\"elementor-button-content-wrapper\">\n\t\t\t\t\t\t\t\t\t\t\t\t\t\t\t\t\t\t\t\t\t\t<span class=\"elementor-button-text\">Enviar<\/span>\n\t\t\t\t\t\t\t\t\t\t\t\t\t<\/span>\n\t\t\t\t\t<\/button>\n\t\t\t\t<\/div>\n\t\t\t<\/div>\n\t\t<\/form>\n\t\t\t\t\t\t<\/div>\n\t\t\t\t<\/div>\n\t\t\t\t<\/div>\n\t\t\t\t<\/div>\n\t\t\t\t\t<\/div>\n\t\t\t\t<\/div>\n\t\t\t\t<\/div>\n\t\t","protected":false},"excerpt":{"rendered":"<p>Contacto D\u00f3nde estamos Puedes localizarnos aqu\u00ed Tel\u00e9fono Email Whatsapp Escr\u00edbenos un mensaje \u00bfTienes alguna pregunta?<\/p>\n","protected":false},"author":1,"featured_media":0,"parent":0,"menu_order":0,"comment_status":"closed","ping_status":"closed","template":"","meta":{"_acf_changed":false,"site-sidebar-layout":"no-sidebar","site-content-layout":"page-builder","ast-site-content-layout":"full-width-container","site-content-style":"default","site-sidebar-style":"default","ast-global-header-display":"","ast-banner-title-visibility":"","ast-main-header-display":"","ast-hfb-above-header-display":"","ast-hfb-below-header-display":"","ast-hfb-mobile-header-display":"","site-post-title":"disabled","ast-breadcrumbs-content":"","ast-featured-img":"disabled","footer-sml-layout":"","ast-disable-related-posts":"","theme-transparent-header-meta":"default","adv-header-id-meta":"","stick-header-meta":"","header-above-stick-meta":"","header-main-stick-meta":"","header-below-stick-meta":"","astra-migrate-meta-layouts":"set","ast-page-background-enabled":"default","ast-page-background-meta":{"desktop":{"background-color":"var(--ast-global-color-4)","background-image":"","background-repeat":"repeat","background-position":"center center","background-size":"auto","background-attachment":"scroll","background-type":"","background-media":"","overlay-type":"","overlay-color":"","overlay-opacity":"","overlay-gradient":""},"tablet":{"background-color":"","background-image":"","background-repeat":"repeat","background-position":"center center","background-size":"auto","background-attachment":"scroll","background-type":"","background-media":"","overlay-type":"","overlay-color":"","overlay-opacity":"","overlay-gradient":""},"mobile":{"background-color":"","background-image":"","background-repeat":"repeat","background-position":"center center","background-size":"auto","background-attachment":"scroll","background-type":"","background-media":"","overlay-type":"","overlay-color":"","overlay-opacity":"","overlay-gradient":""}},"ast-content-background-meta":{"desktop":{"background-color":"var(--ast-global-color-5)","background-image":"","background-repeat":"repeat","background-position":"center center","background-size":"auto","background-attachment":"scroll","background-type":"","background-media":"","overlay-type":"","overlay-color":"","overlay-opacity":"","overlay-gradient":""},"tablet":{"background-color":"var(--ast-global-color-5)","background-image":"","background-repeat":"repeat","background-position":"center center","background-size":"auto","background-attachment":"scroll","background-type":"","background-media":"","overlay-type":"","overlay-color":"","overlay-opacity":"","overlay-gradient":""},"mobile":{"background-color":"var(--ast-global-color-5)","background-image":"","background-repeat":"repeat","background-position":"center center","background-size":"auto","background-attachment":"scroll","background-type":"","background-media":"","overlay-type":"","overlay-color":"","overlay-opacity":"","overlay-gradient":""}},"_joinchat":[],"footnotes":""},"class_list":["post-81","page","type-page","status-publish","hentry"],"acf":[],"yoast_head":"<!-- This site is optimized with the Yoast SEO plugin v27.3 - https:\/\/yoast.com\/product\/yoast-seo-wordpress\/ -->\n<title>Contacto - Codethor<\/title>\n<meta name=\"description\" content=\"Desarrollamos soluciones digitales, sistemas a medida e inteligencia artificial aplicada para ayudar a las empresas a ser m\u00e1s eficientes, escalables y competitivas.\" \/>\n<meta name=\"robots\" content=\"index, follow, max-snippet:-1, max-image-preview:large, max-video-preview:-1\" \/>\n<link rel=\"canonical\" href=\"https:\/\/dev.mengisoft.com\/codethor\/contacto\/\" \/>\n<meta property=\"og:locale\" content=\"es_ES\" \/>\n<meta property=\"og:type\" content=\"article\" \/>\n<meta property=\"og:title\" content=\"Contacto - Codethor\" \/>\n<meta property=\"og:description\" content=\"Desarrollamos soluciones digitales, sistemas a medida e inteligencia artificial aplicada para ayudar a las empresas a ser m\u00e1s eficientes, escalables y competitivas.\" \/>\n<meta property=\"og:url\" content=\"https:\/\/dev.mengisoft.com\/codethor\/contacto\/\" \/>\n<meta property=\"og:site_name\" content=\"Codethor\" \/>\n<meta property=\"article:modified_time\" content=\"2026-04-16T11:48:40+00:00\" \/>\n<meta property=\"og:image\" content=\"https:\/\/dev.mengisoft.com\/codethor\/wp-content\/uploads\/2026\/04\/13758.jpg\" \/>\n\t<meta property=\"og:image:width\" content=\"2000\" \/>\n\t<meta property=\"og:image:height\" content=\"857\" \/>\n\t<meta property=\"og:image:type\" content=\"image\/jpeg\" \/>\n<meta name=\"twitter:card\" content=\"summary_large_image\" \/>\n<meta name=\"twitter:label1\" content=\"Tiempo de lectura\" \/>\n\t<meta name=\"twitter:data1\" content=\"1 minuto\" \/>\n<script type=\"application\/ld+json\" class=\"yoast-schema-graph\">{\"@context\":\"https:\\\/\\\/schema.org\",\"@graph\":[{\"@type\":\"WebPage\",\"@id\":\"https:\\\/\\\/dev.mengisoft.com\\\/codethor\\\/contacto\\\/\",\"url\":\"https:\\\/\\\/dev.mengisoft.com\\\/codethor\\\/contacto\\\/\",\"name\":\"Contacto - Codethor\",\"isPartOf\":{\"@id\":\"https:\\\/\\\/dev.mengisoft.com\\\/codethor\\\/#website\"},\"primaryImageOfPage\":{\"@id\":\"https:\\\/\\\/dev.mengisoft.com\\\/codethor\\\/contacto\\\/#primaryimage\"},\"image\":{\"@id\":\"https:\\\/\\\/dev.mengisoft.com\\\/codethor\\\/contacto\\\/#primaryimage\"},\"thumbnailUrl\":\"https:\\\/\\\/dev.mengisoft.com\\\/codethor\\\/wp-content\\\/uploads\\\/2026\\\/04\\\/13758.jpg\",\"datePublished\":\"2024-08-05T08:48:10+00:00\",\"dateModified\":\"2026-04-16T11:48:40+00:00\",\"description\":\"Desarrollamos soluciones digitales, sistemas a medida e inteligencia artificial aplicada para ayudar a las empresas a ser m\u00e1s eficientes, escalables y competitivas.\",\"breadcrumb\":{\"@id\":\"https:\\\/\\\/dev.mengisoft.com\\\/codethor\\\/contacto\\\/#breadcrumb\"},\"inLanguage\":\"es\",\"potentialAction\":[{\"@type\":\"ReadAction\",\"target\":[\"https:\\\/\\\/dev.mengisoft.com\\\/codethor\\\/contacto\\\/\"]}]},{\"@type\":\"ImageObject\",\"inLanguage\":\"es\",\"@id\":\"https:\\\/\\\/dev.mengisoft.com\\\/codethor\\\/contacto\\\/#primaryimage\",\"url\":\"https:\\\/\\\/dev.mengisoft.com\\\/codethor\\\/wp-content\\\/uploads\\\/2026\\\/04\\\/13758.jpg\",\"contentUrl\":\"https:\\\/\\\/dev.mengisoft.com\\\/codethor\\\/wp-content\\\/uploads\\\/2026\\\/04\\\/13758.jpg\",\"width\":2000,\"height\":857},{\"@type\":\"BreadcrumbList\",\"@id\":\"https:\\\/\\\/dev.mengisoft.com\\\/codethor\\\/contacto\\\/#breadcrumb\",\"itemListElement\":[{\"@type\":\"ListItem\",\"position\":1,\"name\":\"Portada\",\"item\":\"https:\\\/\\\/dev.mengisoft.com\\\/codethor\\\/\"},{\"@type\":\"ListItem\",\"position\":2,\"name\":\"Contacto\"}]},{\"@type\":\"WebSite\",\"@id\":\"https:\\\/\\\/dev.mengisoft.com\\\/codethor\\\/#website\",\"url\":\"https:\\\/\\\/dev.mengisoft.com\\\/codethor\\\/\",\"name\":\"Codethor\",\"description\":\"\",\"publisher\":{\"@id\":\"https:\\\/\\\/dev.mengisoft.com\\\/codethor\\\/#organization\"},\"potentialAction\":[{\"@type\":\"SearchAction\",\"target\":{\"@type\":\"EntryPoint\",\"urlTemplate\":\"https:\\\/\\\/dev.mengisoft.com\\\/codethor\\\/?s={search_term_string}\"},\"query-input\":{\"@type\":\"PropertyValueSpecification\",\"valueRequired\":true,\"valueName\":\"search_term_string\"}}],\"inLanguage\":\"es\"},{\"@type\":\"Organization\",\"@id\":\"https:\\\/\\\/dev.mengisoft.com\\\/codethor\\\/#organization\",\"name\":\"Codethor\",\"url\":\"https:\\\/\\\/dev.mengisoft.com\\\/codethor\\\/\",\"logo\":{\"@type\":\"ImageObject\",\"inLanguage\":\"es\",\"@id\":\"https:\\\/\\\/dev.mengisoft.com\\\/codethor\\\/#\\\/schema\\\/logo\\\/image\\\/\",\"url\":\"https:\\\/\\\/dev.mengisoft.com\\\/codethor\\\/wp-content\\\/uploads\\\/2024\\\/08\\\/logotipo-codethor-negro.png\",\"contentUrl\":\"https:\\\/\\\/dev.mengisoft.com\\\/codethor\\\/wp-content\\\/uploads\\\/2024\\\/08\\\/logotipo-codethor-negro.png\",\"width\":425,\"height\":194,\"caption\":\"Codethor\"},\"image\":{\"@id\":\"https:\\\/\\\/dev.mengisoft.com\\\/codethor\\\/#\\\/schema\\\/logo\\\/image\\\/\"}}]}<\/script>\n<!-- \/ Yoast SEO plugin. -->","yoast_head_json":{"title":"Contacto - Codethor","description":"Desarrollamos soluciones digitales, sistemas a medida e inteligencia artificial aplicada para ayudar a las empresas a ser m\u00e1s eficientes, escalables y competitivas.","robots":{"index":"index","follow":"follow","max-snippet":"max-snippet:-1","max-image-preview":"max-image-preview:large","max-video-preview":"max-video-preview:-1"},"canonical":"https:\/\/dev.mengisoft.com\/codethor\/contacto\/","og_locale":"es_ES","og_type":"article","og_title":"Contacto - Codethor","og_description":"Desarrollamos soluciones digitales, sistemas a medida e inteligencia artificial aplicada para ayudar a las empresas a ser m\u00e1s eficientes, escalables y competitivas.","og_url":"https:\/\/dev.mengisoft.com\/codethor\/contacto\/","og_site_name":"Codethor","article_modified_time":"2026-04-16T11:48:40+00:00","og_image":[{"width":2000,"height":857,"url":"https:\/\/dev.mengisoft.com\/codethor\/wp-content\/uploads\/2026\/04\/13758.jpg","type":"image\/jpeg"}],"twitter_card":"summary_large_image","twitter_misc":{"Tiempo de lectura":"1 minuto"},"schema":{"@context":"https:\/\/schema.org","@graph":[{"@type":"WebPage","@id":"https:\/\/dev.mengisoft.com\/codethor\/contacto\/","url":"https:\/\/dev.mengisoft.com\/codethor\/contacto\/","name":"Contacto - Codethor","isPartOf":{"@id":"https:\/\/dev.mengisoft.com\/codethor\/#website"},"primaryImageOfPage":{"@id":"https:\/\/dev.mengisoft.com\/codethor\/contacto\/#primaryimage"},"image":{"@id":"https:\/\/dev.mengisoft.com\/codethor\/contacto\/#primaryimage"},"thumbnailUrl":"https:\/\/dev.mengisoft.com\/codethor\/wp-content\/uploads\/2026\/04\/13758.jpg","datePublished":"2024-08-05T08:48:10+00:00","dateModified":"2026-04-16T11:48:40+00:00","description":"Desarrollamos soluciones digitales, sistemas a medida e inteligencia artificial aplicada para ayudar a las empresas a ser m\u00e1s eficientes, escalables y competitivas.","breadcrumb":{"@id":"https:\/\/dev.mengisoft.com\/codethor\/contacto\/#breadcrumb"},"inLanguage":"es","potentialAction":[{"@type":"ReadAction","target":["https:\/\/dev.mengisoft.com\/codethor\/contacto\/"]}]},{"@type":"ImageObject","inLanguage":"es","@id":"https:\/\/dev.mengisoft.com\/codethor\/contacto\/#primaryimage","url":"https:\/\/dev.mengisoft.com\/codethor\/wp-content\/uploads\/2026\/04\/13758.jpg","contentUrl":"https:\/\/dev.mengisoft.com\/codethor\/wp-content\/uploads\/2026\/04\/13758.jpg","width":2000,"height":857},{"@type":"BreadcrumbList","@id":"https:\/\/dev.mengisoft.com\/codethor\/contacto\/#breadcrumb","itemListElement":[{"@type":"ListItem","position":1,"name":"Portada","item":"https:\/\/dev.mengisoft.com\/codethor\/"},{"@type":"ListItem","position":2,"name":"Contacto"}]},{"@type":"WebSite","@id":"https:\/\/dev.mengisoft.com\/codethor\/#website","url":"https:\/\/dev.mengisoft.com\/codethor\/","name":"Codethor","description":"","publisher":{"@id":"https:\/\/dev.mengisoft.com\/codethor\/#organization"},"potentialAction":[{"@type":"SearchAction","target":{"@type":"EntryPoint","urlTemplate":"https:\/\/dev.mengisoft.com\/codethor\/?s={search_term_string}"},"query-input":{"@type":"PropertyValueSpecification","valueRequired":true,"valueName":"search_term_string"}}],"inLanguage":"es"},{"@type":"Organization","@id":"https:\/\/dev.mengisoft.com\/codethor\/#organization","name":"Codethor","url":"https:\/\/dev.mengisoft.com\/codethor\/","logo":{"@type":"ImageObject","inLanguage":"es","@id":"https:\/\/dev.mengisoft.com\/codethor\/#\/schema\/logo\/image\/","url":"https:\/\/dev.mengisoft.com\/codethor\/wp-content\/uploads\/2024\/08\/logotipo-codethor-negro.png","contentUrl":"https:\/\/dev.mengisoft.com\/codethor\/wp-content\/uploads\/2024\/08\/logotipo-codethor-negro.png","width":425,"height":194,"caption":"Codethor"},"image":{"@id":"https:\/\/dev.mengisoft.com\/codethor\/#\/schema\/logo\/image\/"}}]}},"_links":{"self":[{"href":"https:\/\/dev.mengisoft.com\/codethor\/wp-json\/wp\/v2\/pages\/81","targetHints":{"allow":["GET"]}}],"collection":[{"href":"https:\/\/dev.mengisoft.com\/codethor\/wp-json\/wp\/v2\/pages"}],"about":[{"href":"https:\/\/dev.mengisoft.com\/codethor\/wp-json\/wp\/v2\/types\/page"}],"author":[{"embeddable":true,"href":"https:\/\/dev.mengisoft.com\/codethor\/wp-json\/wp\/v2\/users\/1"}],"replies":[{"embeddable":true,"href":"https:\/\/dev.mengisoft.com\/codethor\/wp-json\/wp\/v2\/comments?post=81"}],"version-history":[{"count":75,"href":"https:\/\/dev.mengisoft.com\/codethor\/wp-json\/wp\/v2\/pages\/81\/revisions"}],"predecessor-version":[{"id":4264,"href":"https:\/\/dev.mengisoft.com\/codethor\/wp-json\/wp\/v2\/pages\/81\/revisions\/4264"}],"wp:attachment":[{"href":"https:\/\/dev.mengisoft.com\/codethor\/wp-json\/wp\/v2\/media?parent=81"}],"curies":[{"name":"wp","href":"https:\/\/api.w.org\/{rel}","templated":true}]}}