{"id":380,"date":"2026-04-21T10:21:12","date_gmt":"2026-04-21T08:21:12","guid":{"rendered":"https:\/\/dev.mengisoft.com\/camarab2b\/?page_id=380"},"modified":"2026-04-23T12:36:58","modified_gmt":"2026-04-23T10:36:58","slug":"mi-cuenta-b2b","status":"publish","type":"page","link":"https:\/\/dev.mengisoft.com\/camarab2b\/mi-cuenta-b2b\/","title":{"rendered":"Mi Cuenta B2B"},"content":{"rendered":"\t\t<div data-elementor-type=\"wp-page\" data-elementor-id=\"380\" class=\"elementor elementor-380\" data-elementor-post-type=\"page\">\n\t\t\t\t<div class=\"elementor-element elementor-element-0e4c1f3 e-flex e-con-boxed e-con e-parent\" data-id=\"0e4c1f3\" data-element_type=\"container\" data-e-type=\"container\" data-settings=\"{&quot;background_background&quot;:&quot;classic&quot;}\">\n\t\t\t\t\t<div class=\"e-con-inner\">\n\t\t\t\t<div class=\"elementor-element elementor-element-5180320 elementor-widget elementor-widget-image\" data-id=\"5180320\" data-element_type=\"widget\" data-e-type=\"widget\" data-widget_type=\"image.default\">\n\t\t\t\t<div class=\"elementor-widget-container\">\n\t\t\t\t\t\t\t\t\t\t\t\t\t\t\t<img decoding=\"async\" width=\"1024\" height=\"536\" src=\"https:\/\/dev.mengisoft.com\/camarab2b\/wp-content\/uploads\/2026\/04\/LOGO-Feria-FP-Pyme-2026-1024x536.png\" class=\"attachment-large size-large wp-image-421\" alt=\"\" srcset=\"https:\/\/dev.mengisoft.com\/camarab2b\/wp-content\/uploads\/2026\/04\/LOGO-Feria-FP-Pyme-2026-1024x536.png 1024w, https:\/\/dev.mengisoft.com\/camarab2b\/wp-content\/uploads\/2026\/04\/LOGO-Feria-FP-Pyme-2026-300x157.png 300w, https:\/\/dev.mengisoft.com\/camarab2b\/wp-content\/uploads\/2026\/04\/LOGO-Feria-FP-Pyme-2026-768x402.png 768w, https:\/\/dev.mengisoft.com\/camarab2b\/wp-content\/uploads\/2026\/04\/LOGO-Feria-FP-Pyme-2026-1536x804.png 1536w, https:\/\/dev.mengisoft.com\/camarab2b\/wp-content\/uploads\/2026\/04\/LOGO-Feria-FP-Pyme-2026.png 1600w\" sizes=\"(max-width: 1024px) 100vw, 1024px\" \/>\t\t\t\t\t\t\t\t\t\t\t\t\t\t\t<\/div>\n\t\t\t\t<\/div>\n\t\t\t\t<div class=\"elementor-element elementor-element-1853c3a elementor-widget elementor-widget-heading\" data-id=\"1853c3a\" data-element_type=\"widget\" data-e-type=\"widget\" data-widget_type=\"heading.default\">\n\t\t\t\t<div class=\"elementor-widget-container\">\n\t\t\t\t\t<h1 class=\"elementor-heading-title elementor-size-default\">Mi Cuenta<\/h1>\t\t\t\t<\/div>\n\t\t\t\t<\/div>\n\t\t\t\t\t<\/div>\n\t\t\t\t<\/div>\n\t\t<div class=\"elementor-element elementor-element-85c03c1 e-flex e-con-boxed e-con e-parent\" data-id=\"85c03c1\" data-element_type=\"container\" data-e-type=\"container\">\n\t\t\t\t\t<div class=\"e-con-inner\">\n\t\t\t\t<div class=\"elementor-element elementor-element-230c8e1 elementor-widget elementor-widget-heading\" data-id=\"230c8e1\" data-element_type=\"widget\" data-e-type=\"widget\" data-widget_type=\"heading.default\">\n\t\t\t\t<div class=\"elementor-widget-container\">\n\t\t\t\t\t<h2 class=\"elementor-heading-title elementor-size-default\">Para poder gestionar reuniones es necesario iniciar sesi\u00f3n.<\/h2>\t\t\t\t<\/div>\n\t\t\t\t<\/div>\n\t\t\t\t<div class=\"elementor-element elementor-element-0b7b072 elementor-widget__width-initial elementor-widget-mobile__width-inherit elementor-widget elementor-widget-login\" data-id=\"0b7b072\" data-element_type=\"widget\" data-e-type=\"widget\" data-widget_type=\"login.default\">\n\t\t\t\t<div class=\"elementor-widget-container\">\n\t\t\t\t\t\t\t<form class=\"elementor-login elementor-form\" method=\"post\" action=\"https:\/\/dev.mengisoft.com\/camarab2b\/wp-login.php\" aria-label=\"Fromulario de login\">\n\t\t\t<input type=\"hidden\" name=\"redirect_to\" value=\"\/camarab2b\/wp-json\/wp\/v2\/pages\/380\">\n\t\t\t<div class=\"elementor-form-fields-wrapper\">\n\t\t\t\t<div class=\"elementor-field-type-text elementor-field-group elementor-column elementor-col-100 elementor-field-required\">\n\t\t\t\t\t<label for=\"user-0b7b072\" class=\"elementor-field-label\">Nombre de usuario o correo electr\u00f3nico<\/label>\n\t\t\t\t\t<input size=\"1\" type=\"text\" name=\"log\" id=\"user-0b7b072\" placeholder=\"\" class=\"elementor-field elementor-field-textual elementor-size-sm\">\n\t\t\t\t<\/div>\n\t\t\t\t<div class=\"elementor-field-type-text elementor-field-group elementor-column elementor-col-100 elementor-field-required\">\n\t\t\t\t\t<label for=\"password-0b7b072\" class=\"elementor-field-label\">Contrase\u00f1a<\/label>\n\t\t\t\t\t<input size=\"1\" type=\"password\" name=\"pwd\" id=\"password-0b7b072\" placeholder=\"\" class=\"elementor-field elementor-field-textual elementor-size-sm\">\n\t\t\t\t<\/div>\n\n\t\t\t\t\t\t\t\t\t<div class=\"elementor-field-type-checkbox elementor-field-group elementor-column elementor-col-100 elementor-remember-me\">\n\t\t\t\t\t\t<label for=\"elementor-login-remember-me\">\n\t\t\t\t\t\t\t<input type=\"checkbox\" id=\"elementor-login-remember-me\" name=\"rememberme\" value=\"forever\">\n\t\t\t\t\t\t\tRecu\u00e9rdame\t\t\t\t\t\t<\/label>\n\t\t\t\t\t<\/div>\n\t\t\t\t\n\t\t\t\t<div class=\"elementor-field-group elementor-column elementor-field-type-submit elementor-col-100\">\n\t\t\t\t\t<button type=\"submit\" class=\"elementor-size-sm elementor-button\" name=\"wp-submit\">\n\t\t\t\t\t\t\t\t\t\t\t\t\t\t\t<span class=\"elementor-button-text\">Acceder<\/span>\n\t\t\t\t\t\t\t\t\t\t\t\t<\/button>\n\t\t\t\t<\/div>\n\n\t\t\t\t\t\t\t\t\t<div class=\"elementor-field-group elementor-column elementor-col-100\">\n\t\t\t\t\t\t\t\t\t\t\t\t\t\t\t\t\t\t\t\t<a class=\"elementor-lost-password\" href=\"https:\/\/dev.mengisoft.com\/camarab2b\/wp-login.php?action=lostpassword&redirect_to=%2Fcamarab2b%2Fwp-json%2Fwp%2Fv2%2Fpages%2F380\">\n\t\t\t\t\t\t\t\t\u00bfOlvid\u00f3 su contrase\u00f1a?\t\t\t\t\t\t\t<\/a>\n\t\t\t\t\t\t\n\t\t\t\t\t\t\t\t\t\t\t<\/div>\n\t\t\t\t\t\t\t<\/div>\n\t\t<\/form>\n\t\t\t\t\t\t<\/div>\n\t\t\t\t<\/div>\n\t\t\t\t\t<\/div>\n\t\t\t\t<\/div>\n\t\t\t\t<\/div>\n\t\t","protected":false},"excerpt":{"rendered":"<p>Mi Cuenta Desde esta secci\u00f3n podr\u00e1s gestionar tus reservas. Para poder gestionar reuniones es necesario iniciar sesi\u00f3n. AGENDAR REUNIONES<\/p>\n","protected":false},"author":1,"featured_media":0,"parent":0,"menu_order":0,"comment_status":"closed","ping_status":"closed","template":"elementor_header_footer","meta":{"_acf_changed":false,"site-sidebar-layout":"no-sidebar","site-content-layout":"page-builder","ast-site-content-layout":"full-width-container","site-content-style":"unboxed","site-sidebar-style":"unboxed","ast-global-header-display":"","ast-banner-title-visibility":"disabled","ast-main-header-display":"disabled","ast-hfb-above-header-display":"","ast-hfb-below-header-display":"","ast-hfb-mobile-header-display":"disabled","site-post-title":"","ast-breadcrumbs-content":"disabled","ast-featured-img":"disabled","footer-sml-layout":"disabled","theme-transparent-header-meta":"default","adv-header-id-meta":"","stick-header-meta":"","header-above-stick-meta":"","header-main-stick-meta":"","header-below-stick-meta":"","astra-migrate-meta-layouts":"set","ast-page-background-enabled":"default","ast-page-background-meta":{"desktop":{"background-color":"var(--ast-global-color-4)","background-image":"","background-repeat":"repeat","background-position":"center center","background-size":"auto","background-attachment":"scroll","background-type":"","background-media":"","overlay-type":"","overlay-color":"","overlay-opacity":"","overlay-gradient":""},"tablet":{"background-color":"","background-image":"","background-repeat":"repeat","background-position":"center center","background-size":"auto","background-attachment":"scroll","background-type":"","background-media":"","overlay-type":"","overlay-color":"","overlay-opacity":"","overlay-gradient":""},"mobile":{"background-color":"","background-image":"","background-repeat":"repeat","background-position":"center center","background-size":"auto","background-attachment":"scroll","background-type":"","background-media":"","overlay-type":"","overlay-color":"","overlay-opacity":"","overlay-gradient":""}},"ast-content-background-meta":{"desktop":{"background-color":"var(--ast-global-color-5)","background-image":"","background-repeat":"repeat","background-position":"center center","background-size":"auto","background-attachment":"scroll","background-type":"","background-media":"","overlay-type":"","overlay-color":"","overlay-opacity":"","overlay-gradient":""},"tablet":{"background-color":"var(--ast-global-color-5)","background-image":"","background-repeat":"repeat","background-position":"center center","background-size":"auto","background-attachment":"scroll","background-type":"","background-media":"","overlay-type":"","overlay-color":"","overlay-opacity":"","overlay-gradient":""},"mobile":{"background-color":"var(--ast-global-color-5)","background-image":"","background-repeat":"repeat","background-position":"center center","background-size":"auto","background-attachment":"scroll","background-type":"","background-media":"","overlay-type":"","overlay-color":"","overlay-opacity":"","overlay-gradient":""}},"_joinchat":[],"footnotes":""},"class_list":["post-380","page","type-page","status-publish","hentry"],"acf":[],"yoast_head":"<!-- This site is optimized with the Yoast SEO plugin v27.4 - https:\/\/yoast.com\/product\/yoast-seo-wordpress\/ -->\n<title>Mi Cuenta B2B - Feria FPpyme 2026<\/title>\n<meta name=\"robots\" content=\"index, follow, max-snippet:-1, max-image-preview:large, max-video-preview:-1\" \/>\n<link rel=\"canonical\" href=\"https:\/\/dev.mengisoft.com\/camarab2b\/mi-cuenta-b2b\/\" \/>\n<meta property=\"og:locale\" content=\"es_ES\" \/>\n<meta property=\"og:type\" content=\"article\" \/>\n<meta property=\"og:title\" content=\"Mi Cuenta B2B - Feria FPpyme 2026\" \/>\n<meta property=\"og:description\" content=\"Mi Cuenta Desde esta secci\u00f3n podr\u00e1s gestionar tus reservas. Para poder gestionar reuniones es necesario iniciar sesi\u00f3n. AGENDAR REUNIONES\" \/>\n<meta property=\"og:url\" content=\"https:\/\/dev.mengisoft.com\/camarab2b\/mi-cuenta-b2b\/\" \/>\n<meta property=\"og:site_name\" content=\"Feria FPpyme 2026\" \/>\n<meta property=\"article:modified_time\" content=\"2026-04-23T10:36:58+00:00\" \/>\n<meta property=\"og:image\" content=\"https:\/\/dev.mengisoft.com\/camarab2b\/wp-content\/uploads\/2026\/04\/LOGO-Feria-FP-Pyme-2026.png\" \/>\n\t<meta property=\"og:image:width\" content=\"1600\" \/>\n\t<meta property=\"og:image:height\" content=\"838\" \/>\n\t<meta property=\"og:image:type\" content=\"image\/png\" \/>\n<meta name=\"twitter:card\" content=\"summary_large_image\" \/>\n<meta name=\"twitter:label1\" content=\"Tiempo de lectura\" \/>\n\t<meta name=\"twitter:data1\" content=\"1 minuto\" \/>\n<script type=\"application\/ld+json\" class=\"yoast-schema-graph\">{\"@context\":\"https:\\\/\\\/schema.org\",\"@graph\":[{\"@type\":\"WebPage\",\"@id\":\"https:\\\/\\\/dev.mengisoft.com\\\/camarab2b\\\/mi-cuenta-b2b\\\/\",\"url\":\"https:\\\/\\\/dev.mengisoft.com\\\/camarab2b\\\/mi-cuenta-b2b\\\/\",\"name\":\"Mi Cuenta B2B - Feria FPpyme 2026\",\"isPartOf\":{\"@id\":\"https:\\\/\\\/dev.mengisoft.com\\\/camarab2b\\\/#website\"},\"primaryImageOfPage\":{\"@id\":\"https:\\\/\\\/dev.mengisoft.com\\\/camarab2b\\\/mi-cuenta-b2b\\\/#primaryimage\"},\"image\":{\"@id\":\"https:\\\/\\\/dev.mengisoft.com\\\/camarab2b\\\/mi-cuenta-b2b\\\/#primaryimage\"},\"thumbnailUrl\":\"https:\\\/\\\/dev.mengisoft.com\\\/camarab2b\\\/wp-content\\\/uploads\\\/2026\\\/04\\\/LOGO-Feria-FP-Pyme-2026-1024x536.png\",\"datePublished\":\"2026-04-21T08:21:12+00:00\",\"dateModified\":\"2026-04-23T10:36:58+00:00\",\"breadcrumb\":{\"@id\":\"https:\\\/\\\/dev.mengisoft.com\\\/camarab2b\\\/mi-cuenta-b2b\\\/#breadcrumb\"},\"inLanguage\":\"es\",\"potentialAction\":[{\"@type\":\"ReadAction\",\"target\":[\"https:\\\/\\\/dev.mengisoft.com\\\/camarab2b\\\/mi-cuenta-b2b\\\/\"]}]},{\"@type\":\"ImageObject\",\"inLanguage\":\"es\",\"@id\":\"https:\\\/\\\/dev.mengisoft.com\\\/camarab2b\\\/mi-cuenta-b2b\\\/#primaryimage\",\"url\":\"https:\\\/\\\/dev.mengisoft.com\\\/camarab2b\\\/wp-content\\\/uploads\\\/2026\\\/04\\\/LOGO-Feria-FP-Pyme-2026.png\",\"contentUrl\":\"https:\\\/\\\/dev.mengisoft.com\\\/camarab2b\\\/wp-content\\\/uploads\\\/2026\\\/04\\\/LOGO-Feria-FP-Pyme-2026.png\",\"width\":1600,\"height\":838},{\"@type\":\"BreadcrumbList\",\"@id\":\"https:\\\/\\\/dev.mengisoft.com\\\/camarab2b\\\/mi-cuenta-b2b\\\/#breadcrumb\",\"itemListElement\":[{\"@type\":\"ListItem\",\"position\":1,\"name\":\"Portada\",\"item\":\"https:\\\/\\\/dev.mengisoft.com\\\/camarab2b\\\/\"},{\"@type\":\"ListItem\",\"position\":2,\"name\":\"Mi Cuenta B2B\"}]},{\"@type\":\"WebSite\",\"@id\":\"https:\\\/\\\/dev.mengisoft.com\\\/camarab2b\\\/#website\",\"url\":\"https:\\\/\\\/dev.mengisoft.com\\\/camarab2b\\\/\",\"name\":\"Feria FPpyme 2026\",\"description\":\"\",\"publisher\":{\"@id\":\"https:\\\/\\\/dev.mengisoft.com\\\/camarab2b\\\/#organization\"},\"potentialAction\":[{\"@type\":\"SearchAction\",\"target\":{\"@type\":\"EntryPoint\",\"urlTemplate\":\"https:\\\/\\\/dev.mengisoft.com\\\/camarab2b\\\/?s={search_term_string}\"},\"query-input\":{\"@type\":\"PropertyValueSpecification\",\"valueRequired\":true,\"valueName\":\"search_term_string\"}}],\"inLanguage\":\"es\"},{\"@type\":\"Organization\",\"@id\":\"https:\\\/\\\/dev.mengisoft.com\\\/camarab2b\\\/#organization\",\"name\":\"Feria FPpyme 2026\",\"url\":\"https:\\\/\\\/dev.mengisoft.com\\\/camarab2b\\\/\",\"logo\":{\"@type\":\"ImageObject\",\"inLanguage\":\"es\",\"@id\":\"https:\\\/\\\/dev.mengisoft.com\\\/camarab2b\\\/#\\\/schema\\\/logo\\\/image\\\/\",\"url\":\"https:\\\/\\\/dev.mengisoft.com\\\/camarab2b\\\/wp-content\\\/uploads\\\/2026\\\/04\\\/Logo-FP-Pyme-scaled.png\",\"contentUrl\":\"https:\\\/\\\/dev.mengisoft.com\\\/camarab2b\\\/wp-content\\\/uploads\\\/2026\\\/04\\\/Logo-FP-Pyme-scaled.png\",\"width\":2560,\"height\":841,\"caption\":\"Feria FPpyme 2026\"},\"image\":{\"@id\":\"https:\\\/\\\/dev.mengisoft.com\\\/camarab2b\\\/#\\\/schema\\\/logo\\\/image\\\/\"}}]}<\/script>\n<!-- \/ Yoast SEO plugin. -->","yoast_head_json":{"title":"Mi Cuenta B2B - Feria FPpyme 2026","robots":{"index":"index","follow":"follow","max-snippet":"max-snippet:-1","max-image-preview":"max-image-preview:large","max-video-preview":"max-video-preview:-1"},"canonical":"https:\/\/dev.mengisoft.com\/camarab2b\/mi-cuenta-b2b\/","og_locale":"es_ES","og_type":"article","og_title":"Mi Cuenta B2B - Feria FPpyme 2026","og_description":"Mi Cuenta Desde esta secci\u00f3n podr\u00e1s gestionar tus reservas. Para poder gestionar reuniones es necesario iniciar sesi\u00f3n. AGENDAR REUNIONES","og_url":"https:\/\/dev.mengisoft.com\/camarab2b\/mi-cuenta-b2b\/","og_site_name":"Feria FPpyme 2026","article_modified_time":"2026-04-23T10:36:58+00:00","og_image":[{"width":1600,"height":838,"url":"https:\/\/dev.mengisoft.com\/camarab2b\/wp-content\/uploads\/2026\/04\/LOGO-Feria-FP-Pyme-2026.png","type":"image\/png"}],"twitter_card":"summary_large_image","twitter_misc":{"Tiempo de lectura":"1 minuto"},"schema":{"@context":"https:\/\/schema.org","@graph":[{"@type":"WebPage","@id":"https:\/\/dev.mengisoft.com\/camarab2b\/mi-cuenta-b2b\/","url":"https:\/\/dev.mengisoft.com\/camarab2b\/mi-cuenta-b2b\/","name":"Mi Cuenta B2B - Feria FPpyme 2026","isPartOf":{"@id":"https:\/\/dev.mengisoft.com\/camarab2b\/#website"},"primaryImageOfPage":{"@id":"https:\/\/dev.mengisoft.com\/camarab2b\/mi-cuenta-b2b\/#primaryimage"},"image":{"@id":"https:\/\/dev.mengisoft.com\/camarab2b\/mi-cuenta-b2b\/#primaryimage"},"thumbnailUrl":"https:\/\/dev.mengisoft.com\/camarab2b\/wp-content\/uploads\/2026\/04\/LOGO-Feria-FP-Pyme-2026-1024x536.png","datePublished":"2026-04-21T08:21:12+00:00","dateModified":"2026-04-23T10:36:58+00:00","breadcrumb":{"@id":"https:\/\/dev.mengisoft.com\/camarab2b\/mi-cuenta-b2b\/#breadcrumb"},"inLanguage":"es","potentialAction":[{"@type":"ReadAction","target":["https:\/\/dev.mengisoft.com\/camarab2b\/mi-cuenta-b2b\/"]}]},{"@type":"ImageObject","inLanguage":"es","@id":"https:\/\/dev.mengisoft.com\/camarab2b\/mi-cuenta-b2b\/#primaryimage","url":"https:\/\/dev.mengisoft.com\/camarab2b\/wp-content\/uploads\/2026\/04\/LOGO-Feria-FP-Pyme-2026.png","contentUrl":"https:\/\/dev.mengisoft.com\/camarab2b\/wp-content\/uploads\/2026\/04\/LOGO-Feria-FP-Pyme-2026.png","width":1600,"height":838},{"@type":"BreadcrumbList","@id":"https:\/\/dev.mengisoft.com\/camarab2b\/mi-cuenta-b2b\/#breadcrumb","itemListElement":[{"@type":"ListItem","position":1,"name":"Portada","item":"https:\/\/dev.mengisoft.com\/camarab2b\/"},{"@type":"ListItem","position":2,"name":"Mi Cuenta B2B"}]},{"@type":"WebSite","@id":"https:\/\/dev.mengisoft.com\/camarab2b\/#website","url":"https:\/\/dev.mengisoft.com\/camarab2b\/","name":"Feria FPpyme 2026","description":"","publisher":{"@id":"https:\/\/dev.mengisoft.com\/camarab2b\/#organization"},"potentialAction":[{"@type":"SearchAction","target":{"@type":"EntryPoint","urlTemplate":"https:\/\/dev.mengisoft.com\/camarab2b\/?s={search_term_string}"},"query-input":{"@type":"PropertyValueSpecification","valueRequired":true,"valueName":"search_term_string"}}],"inLanguage":"es"},{"@type":"Organization","@id":"https:\/\/dev.mengisoft.com\/camarab2b\/#organization","name":"Feria FPpyme 2026","url":"https:\/\/dev.mengisoft.com\/camarab2b\/","logo":{"@type":"ImageObject","inLanguage":"es","@id":"https:\/\/dev.mengisoft.com\/camarab2b\/#\/schema\/logo\/image\/","url":"https:\/\/dev.mengisoft.com\/camarab2b\/wp-content\/uploads\/2026\/04\/Logo-FP-Pyme-scaled.png","contentUrl":"https:\/\/dev.mengisoft.com\/camarab2b\/wp-content\/uploads\/2026\/04\/Logo-FP-Pyme-scaled.png","width":2560,"height":841,"caption":"Feria FPpyme 2026"},"image":{"@id":"https:\/\/dev.mengisoft.com\/camarab2b\/#\/schema\/logo\/image\/"}}]}},"_links":{"self":[{"href":"https:\/\/dev.mengisoft.com\/camarab2b\/wp-json\/wp\/v2\/pages\/380","targetHints":{"allow":["GET"]}}],"collection":[{"href":"https:\/\/dev.mengisoft.com\/camarab2b\/wp-json\/wp\/v2\/pages"}],"about":[{"href":"https:\/\/dev.mengisoft.com\/camarab2b\/wp-json\/wp\/v2\/types\/page"}],"author":[{"embeddable":true,"href":"https:\/\/dev.mengisoft.com\/camarab2b\/wp-json\/wp\/v2\/users\/1"}],"replies":[{"embeddable":true,"href":"https:\/\/dev.mengisoft.com\/camarab2b\/wp-json\/wp\/v2\/comments?post=380"}],"version-history":[{"count":52,"href":"https:\/\/dev.mengisoft.com\/camarab2b\/wp-json\/wp\/v2\/pages\/380\/revisions"}],"predecessor-version":[{"id":546,"href":"https:\/\/dev.mengisoft.com\/camarab2b\/wp-json\/wp\/v2\/pages\/380\/revisions\/546"}],"wp:attachment":[{"href":"https:\/\/dev.mengisoft.com\/camarab2b\/wp-json\/wp\/v2\/media?parent=380"}],"curies":[{"name":"wp","href":"https:\/\/api.w.org\/{rel}","templated":true}]}}